{"id":1028,"date":"2019-08-27T17:33:03","date_gmt":"2019-08-27T15:33:03","guid":{"rendered":"http:\/\/lepelletier.fr\/blog\/?page_id=1028"},"modified":"2020-06-02T11:25:30","modified_gmt":"2020-06-02T09:25:30","slug":"accueil","status":"publish","type":"page","link":"https:\/\/lepelletier.fr\/blog\/","title":{"rendered":"Accueil"},"content":{"rendered":"\r\n<p>Depuis 2010 date de notre retraite d&rsquo;enseignants nous allons tous les ans 3 ou 4 mois \u00e0 Fianarantsoa, ville de Madagascar.<\/p>\r\n\r\n\r\n\r\n<p>Nous y enseignons \u00e0 l&rsquo;universit\u00e9 (<a href=\"http:\/\/www.emit.mg\">EMIT \u00e9cole de Management et d&rsquo;Inovation Technologique<\/a>)<\/p>\r\n\r\n\r\n\r\n<p>Nous avons \u00e9galement cr\u00e9\u00e9 une association d&rsquo;aide pour des \u00e9tudiants ayant des difficult\u00e9s financi\u00e8res <a href=\"http:\/\/www.selmada.com\" target=\"_blank\" rel=\"noreferrer noopener\" aria-label=\" (s\u2019ouvre dans un nouvel onglet)\">SOLIDARITE ETUDIANTE LYON MADAGASCAR<\/a>\u00a0\u00a0\u00a0\u00a0\u00a0\u00a0\u00a0\u00a0\u00a0\u00a0\u00a0\u00a0\u00a0\u00a0\u00a0\u00a0\u00a0\u00a0\u00a0\u00a0\u00a0<\/p>\r\n\r\n\r\n\r\n<ul class=\"wp-block-gallery columns-1 is-cropped wp-block-gallery-1 is-layout-flex wp-block-gallery-is-layout-flex\">\r\n<li class=\"blocks-gallery-item\">\r\n<figure><img loading=\"lazy\" decoding=\"async\" width=\"537\" height=\"1014\" class=\"wp-image-1063\" src=\"http:\/\/lepelletier.fr\/blog\/wp-content\/uploads\/2019\/08\/carte-geographique-grande-1.jpg\" alt=\"\" data-id=\"1063\" data-link=\"http:\/\/lepelletier.fr\/blog\/index.php\/accueil\/carte-geographique-grande-2\/\" srcset=\"https:\/\/lepelletier.fr\/blog\/wp-content\/uploads\/2019\/08\/carte-geographique-grande-1.jpg 537w, https:\/\/lepelletier.fr\/blog\/wp-content\/uploads\/2019\/08\/carte-geographique-grande-1-159x300.jpg 159w\" sizes=\"auto, (max-width: 537px) 100vw, 537px\" \/><\/figure>\r\n<\/li>\r\n<\/ul>\r\n","protected":false},"excerpt":{"rendered":"<p>Depuis 2010 date de notre retraite d&rsquo;enseignants nous allons tous les ans 3 ou 4 mois \u00e0 Fianarantsoa, ville de Madagascar. Nous y enseignons \u00e0 l&rsquo;universit\u00e9 (EMIT \u00e9cole de Management et d&rsquo;Inovation Technologique) Nous avons \u00e9galement cr\u00e9\u00e9 une association d&rsquo;aide&hellip; <\/p>\n","protected":false},"author":1,"featured_media":0,"parent":0,"menu_order":0,"comment_status":"closed","ping_status":"closed","template":"","meta":{"footnotes":""},"class_list":["post-1028","page","type-page","status-publish","hentry"],"_links":{"self":[{"href":"https:\/\/lepelletier.fr\/blog\/index.php\/wp-json\/wp\/v2\/pages\/1028","targetHints":{"allow":["GET"]}}],"collection":[{"href":"https:\/\/lepelletier.fr\/blog\/index.php\/wp-json\/wp\/v2\/pages"}],"about":[{"href":"https:\/\/lepelletier.fr\/blog\/index.php\/wp-json\/wp\/v2\/types\/page"}],"author":[{"embeddable":true,"href":"https:\/\/lepelletier.fr\/blog\/index.php\/wp-json\/wp\/v2\/users\/1"}],"replies":[{"embeddable":true,"href":"https:\/\/lepelletier.fr\/blog\/index.php\/wp-json\/wp\/v2\/comments?post=1028"}],"version-history":[{"count":15,"href":"https:\/\/lepelletier.fr\/blog\/index.php\/wp-json\/wp\/v2\/pages\/1028\/revisions"}],"predecessor-version":[{"id":1844,"href":"https:\/\/lepelletier.fr\/blog\/index.php\/wp-json\/wp\/v2\/pages\/1028\/revisions\/1844"}],"wp:attachment":[{"href":"https:\/\/lepelletier.fr\/blog\/index.php\/wp-json\/wp\/v2\/media?parent=1028"}],"curies":[{"name":"wp","href":"https:\/\/api.w.org\/{rel}","templated":true}]}}