{"id":1036,"date":"2019-08-27T17:35:36","date_gmt":"2019-08-27T15:35:36","guid":{"rendered":"http:\/\/lepelletier.fr\/blog\/?page_id=1036"},"modified":"2020-04-24T15:29:33","modified_gmt":"2020-04-24T13:29:33","slug":"nos-bonnes-adresses","status":"publish","type":"page","link":"https:\/\/lepelletier.fr\/blog\/index.php\/nos-bonnes-adresses\/","title":{"rendered":"Nos bonnes adresses"},"content":{"rendered":"\r\n\r\n\r\n<p>&#8211; <strong>guides touristiques<\/strong> &#8211; <strong>h\u00e9bergements<\/strong> &#8211; <strong>\u00e0 visiter autour de Fianar<\/strong><\/p>\r\n<p>Le site de Notre ami guide <a href=\"http:\/\/www.mada-zebu-travel.com\/\">http:\/\/www.mada-zebu-travel.com\/<\/a><\/p>\r\n\r\n\r\n\r\n<p><strong>restaurants:<\/strong><\/p>\r\n\r\n\r\n\r\n<p>Hotel Cotsoyannis \u00e0 Fianarantsoa 020.75.514.72<\/p>\r\n\r\n\r\n\r\n<p>Chez Alain \u00e0 Morondava<\/p>\r\n\r\n\r\n\r\n<p>restaurant du Menabe \u00e0 Belo sur Tsiribihina<\/p>\r\n\r\n\r\n\r\n<p>chez Olivier aux Tsingy de Bemaraha 034.12.246.01<\/p>\r\n\r\n\r\n\r\n<p>La surprise Betsileo \u00e0 Fianarantsoa 034.01.998.04<\/p>\r\n\r\n\r\n\r\n<p>Hotel Manja \u00e0 Ranomafana 033.09.010.22<\/p>\r\n\r\n\r\n\r\n<p>Ihary hotel \u00e0 Ranomafana 032.02.526.98<\/p>\r\n\r\n\r\n\r\n<p>Espace Relax \u00e0 Fianarantsoa 020.75.518.59<\/p>\r\n\r\n\r\n\r\n<p>Hotely Gasikara \u00e0 Behenjy escale sur la route de Tana \u00e0 Fianar pour manger du Foie gras<\/p>\r\n\r\n\r\n\r\n<figure class=\"wp-block-image\"><img decoding=\"async\" src=\"http:\/\/mada-lepelletier.hautetfort.com\/media\/02\/01\/424451570.JPG\" alt=\"P1010496 on va manger du foie gras.JPG\" \/><\/figure>\r\n\r\n\r\n\r\n<p>Motel d&rsquo;Antananarivo 032.05.185.50<\/p>\r\n\r\n\r\n\r\n<p><strong>&gt;guides touristiques<\/strong><\/p>\r\n\r\n\r\n\r\n<p>parc Isalo juliette RAVAONIRINA 032.47.998.63 &#8211; 033.08.627.48 jajuneny@yahoo.fr<\/p>\r\n\r\n\r\n\r\n<p>parc Ankarana Serge 032.47.893.67<\/p>\r\n\r\n\r\n\r\n<p>Antsirab\u00e9 Claudia RAZAFIMAHEFA 032.40.277.71 choly_claudia@yahoo.fr<\/p>\r\n\r\n\r\n\r\n<p>canal des pangalanes Patrice ANDRIAMBOLOLONA 032.72.470.28 &#8211; 032.48.320.28 &#8211; 034.12.528.14 (ou hotel la vanille \u00e0 Manakara)<\/p>\r\n\r\n\r\n\r\n<p>canal des pangalanes Jean F\u00e9lix 033 12 759 42\u00a0 jeanfelixpangalane@gmail.com &#8211; <a href=\"http:\/\/jean-felix-pangalanes.hautetfort.com\/\">son site<\/a><\/p>\r\n\r\n\r\n\r\n<p><strong>h\u00e9bergements : <\/strong><br \/>Manakara<\/p>\r\n\r\n\r\n\r\n\r\n\r\n<p>Hotel la vanille 033.14.710.40 <a href=\"mailto:hotellavanillemanakara@yahoo.fr\">hotellavanillemanakara@yahoo.fr<\/a><\/p>\r\n\r\n\r\n\r\n<figure class=\"wp-block-image\"><img decoding=\"async\" src=\"http:\/\/mada-lepelletier.hautetfort.com\/media\/02\/02\/3589189955.JPG\" alt=\"hotel la vanille.JPG\" \/><\/figure>\r\n\r\n\r\n\r\n<p><img decoding=\"async\" class=\"alignright\" src=\"http:\/\/mada-lepelletier.hautetfort.com\/media\/02\/01\/681229889.JPG\" alt=\"sous le soleil de mada.JPG\" \/><\/p>\r\n\r\n\r\n\r\n<p>Hotel sous le soleil de mada 033.07.344.14 souslesoleildemada@gmail.com<\/p>\r\n<p>acc\u00e8s aux villages de la vall\u00e9e de zafimaniry<\/p>\r\n\r\n\r\n\r\n\r\n\r\n<p>&nbsp;<\/p>\r\n<p>Antsirabe<\/p>\r\n\r\n\r\n\r\n<p>g\u00eete Bakobako \u00e0 Manandona Jean Lamour 032.42.114.67 &#8211; 034.04.370.26 <a href=\"mailto:gitebakobako@yahoo.fr\">gitebakobako@yahoo.fr<\/a><\/p>\r\n\r\n\r\n\r\n<figure class=\"wp-block-image\"><img decoding=\"async\" src=\"http:\/\/mada-lepelletier.hautetfort.com\/media\/02\/02\/763783708.JPG\" alt=\"bakobako.JPG\" \/><\/figure>\r\n\r\n\r\n\r\n<p>Green Park Hotel 020.44.051.90 greenparktsara@yahoo.fr<\/p>\r\n\r\n\r\n\r\n<p>Fianarantsoa<\/p>\r\n\r\n\r\n\r\n<p>Lac Hotel \u00e0 Sahambavy 020.75.959.06 &#8211; 020.75.958.73<\/p>\r\n\r\n\r\n\r\n<figure class=\"wp-block-image\"><img decoding=\"async\" src=\"http:\/\/mada-lepelletier.hautetfort.com\/media\/00\/00\/871288547.JPG\" alt=\"lac hotel.JPG\" \/><\/figure>\r\n\r\n\r\n\r\n<p>Isalo<\/p>\r\n\r\n\r\n\r\n<p>Maison ND de l&rsquo;Isalo \u00e0 Ranohira soeurs filles de la charit\u00e9 032.54.599.98<\/p>\r\n\r\n\r\n\r\n<figure class=\"wp-block-image\"><img decoding=\"async\" src=\"http:\/\/mada-lepelletier.hautetfort.com\/media\/01\/01\/1990128078.JPG\" alt=\"4-3 chez Sr Magdelena 2.JPG\" \/><\/figure>\r\n\r\n\r\n\r\n<p>Tsiribine<\/p>\r\n\r\n\r\n\r\n<p>Hotel Baobab \u00e0 Miandrivazo<\/p>\r\n\r\n\r\n\r\n<p>Tulear<\/p>\r\n\r\n\r\n\r\n<p>Chez Alain 020.94.415.27<\/p>\r\n\r\n\r\n\r\n<p>Andasibe<\/p>\r\n\r\n\r\n\r\n<p>Feon&rsquo;ny ala 033.05.832.02 pr\u00e8s du parc national \u2013 cadre tr\u00e8s wazaha<\/p>\r\n\r\n\r\n\r\n<p><strong>Nos Amis<\/strong><\/p>\r\n\r\n\r\n\r\n<p><strong>Sylvain<\/strong> \u00e0 c\u00f4t\u00e9 d&rsquo;antsirabe qui poss\u00e8de un g\u00eete extraordinaire dans un ilot de verdure &#8211; un accueil exeptionnel et un tr\u00e8s bon guide tr\u00e8s tr\u00e8s cultiv\u00e9 &#8211; passionnant<\/p>\r\n\r\n\r\n\r\n<figure class=\"wp-block-image\"><img decoding=\"async\" src=\"http:\/\/mada-lepelletier.hautetfort.com\/media\/01\/01\/3138111550.JPG\" alt=\"sylvain 1.JPG\" \/><\/figure>\r\n\r\n\r\n\r\n<figure class=\"wp-block-image\"><img decoding=\"async\" src=\"http:\/\/mada-lepelletier.hautetfort.com\/media\/01\/01\/4239110894.JPG\" alt=\"sylvain 2.JPG\" \/><\/figure>\r\n\r\n\r\n\r\n<p><strong>M\u00e9lanie<\/strong> dispose d&rsquo;un g\u00eete \u00e0 Fianarantsoa, tr\u00e8s bien \u00e9quip\u00e9 pour des europ\u00e9ens, elle fait \u00e9galement de tr\u00e8s bons repas\u00a0<\/p>\r\n\r\n\r\n\r\n<figure class=\"wp-block-image\"><img decoding=\"async\" src=\"http:\/\/mada-lepelletier.hautetfort.com\/media\/01\/01\/72279316.JPG\" alt=\"chez m\u00e9lanie1.JPG\" \/><\/figure>\r\n\r\n\r\n\r\n<figure class=\"wp-block-image\"><img decoding=\"async\" src=\"http:\/\/mada-lepelletier.hautetfort.com\/media\/00\/00\/2039777269.JPG\" alt=\"chez melanie2.JPG\" \/><\/figure>\r\n\r\n\r\n\r\n<p><strong>A visiter autour de Fianarantsoa sur la journ\u00e9e<\/strong><br \/><strong><a href=\"#deb\">RETOUR<\/a><\/strong><\/p>\r\n\r\n\r\n\r\n<p>La plantation de th\u00e9 da sahambavy et le lac hotel<\/p>\r\n\r\n\r\n\r\n<p>la leproserie de Marahana<\/p>\r\n\r\n\r\n\r\n<p>la vieille ville de Fianarantsoa<\/p>\r\n\r\n\r\n\r\n<p>le Zoma (march\u00e9) de Fianarantsoa<\/p>\r\n\r\n\r\n\r\n<p>L&rsquo;abbaye cistercienne de Maromby<\/p>\r\n\r\n\r\n\r\n<figure class=\"wp-block-image\"><img decoding=\"async\" src=\"http:\/\/mada-lepelletier.hautetfort.com\/media\/02\/01\/2723279369.JPG\" alt=\"4-1 l'\u00e9glise.JPG\" \/><\/figure>\r\n\r\n\r\n\r\n<p>Le lac Anosy \u00e0 Fianarantsoa (derri\u00e8re la cath\u00e9drale)<\/p>\r\n\r\n\r\n\r\n<figure class=\"wp-block-image\"><img decoding=\"async\" src=\"http:\/\/mada-lepelletier.hautetfort.com\/media\/02\/02\/1269909862.JPG\" alt=\"lac anosy.JPG\" \/><\/figure>\r\n\r\n\r\n\r\n<p>Le village des potiers<\/p>\r\n\r\n\r\n\r\n<figure class=\"wp-block-image\"><img decoding=\"async\" src=\"http:\/\/mada-lepelletier.hautetfort.com\/media\/01\/01\/938245802.JPG\" alt=\"1-6 fabrication des fatapera, 3\u00e8me \u00e9tape, les finitions.JPG\" \/><\/figure>\r\n\r\n\r\n\r\n<p>Le village d&rsquo;Ilena<\/p>\r\n\r\n\r\n\r\n<p>Le parc d&rsquo;Anja \u00e0 c\u00f4t\u00e9 d&rsquo;Ambalavo<\/p>\r\n\r\n\r\n\r\n<figure class=\"wp-block-image\"><img decoding=\"async\" src=\"http:\/\/mada-lepelletier.hautetfort.com\/media\/02\/02\/3941671083.JPG\" alt=\"anza 2.JPG\" \/><\/figure>\r\n\r\n\r\n\r\n<figure class=\"wp-block-image\"><img decoding=\"async\" src=\"http:\/\/mada-lepelletier.hautetfort.com\/media\/02\/02\/3286393298.JPG\" alt=\"anza.JPG\" \/><\/figure>\r\n\r\n\r\n\r\n<p>L&rsquo;atelier de soie \u00e0 Ambalavo<\/p>\r\n\r\n\r\n\r\n<figure class=\"wp-block-image\"><img decoding=\"async\" src=\"http:\/\/mada-lepelletier.hautetfort.com\/media\/00\/01\/1944349089.JPG\" alt=\"soie ambalavo.JPG\" \/><\/figure>\r\n\r\n\r\n\r\n<p>La r\u00e9gion de Sevaina<\/p>\r\n\r\n\r\n\r\n<p>\u00a0<strong>A visiter \u00e0 partir de Fianarantsoa sur plusieurs jours<br \/><\/strong><\/p>\r\n\r\n\r\n\r\n<p>\u00a0Le parc d&rsquo;Isalo au sud sur la RN7<\/p>\r\n\r\n\r\n\r\n<p>La vall\u00e9e de Zafimaniry au nord avant Ambositra (artisanat du bois)<\/p>\r\n\r\n\r\n\r\n<p>Manakara et le canal des pangalanes (prendre le train \u00e0 Fianarantsoa) \u00e0 L&rsquo;est de Fianarantsoa<\/p>\r\n\r\n\r\n\r\n<p>Le parc national (for\u00eat humide) de Ranomafana au nord de Fianarantsoa par la RN7<\/p>\r\n\r\n\r\n\r\n<figure class=\"wp-block-image\"><img decoding=\"async\" src=\"http:\/\/mada-lepelletier.hautetfort.com\/media\/02\/01\/1394338621.JPG\" alt=\"ranomafane.JPG\" \/><\/figure>\r\n\r\n\r\n\r\n<p>le parc National d&rsquo;Andringitra et ses randonn\u00e9es \u00e0 pieds au sud de Fianarantsoa par la RN7<\/p>\r\n\r\n\r\n\r\n<p>La r\u00e9gion d&rsquo;Antsirabe (vall\u00e9e de Manandona, Ambohibary e ses artisans, le village des forgerons, le village des charbonniers, ballade dans les rizi\u00e8res, le lac Tritriva &#8230;..)<\/p>\r\n","protected":false},"excerpt":{"rendered":"<p>&#8211; guides touristiques &#8211; h\u00e9bergements &#8211; \u00e0 visiter autour de Fianar Le site de Notre ami guide http:\/\/www.mada-zebu-travel.com\/ restaurants: Hotel Cotsoyannis \u00e0 Fianarantsoa 020.75.514.72 Chez Alain \u00e0 Morondava restaurant du Menabe \u00e0 Belo sur Tsiribihina chez Olivier aux Tsingy de&hellip; <\/p>\n","protected":false},"author":1,"featured_media":0,"parent":0,"menu_order":0,"comment_status":"closed","ping_status":"closed","template":"","meta":{"footnotes":""},"class_list":["post-1036","page","type-page","status-publish","hentry"],"_links":{"self":[{"href":"https:\/\/lepelletier.fr\/blog\/index.php\/wp-json\/wp\/v2\/pages\/1036","targetHints":{"allow":["GET"]}}],"collection":[{"href":"https:\/\/lepelletier.fr\/blog\/index.php\/wp-json\/wp\/v2\/pages"}],"about":[{"href":"https:\/\/lepelletier.fr\/blog\/index.php\/wp-json\/wp\/v2\/types\/page"}],"author":[{"embeddable":true,"href":"https:\/\/lepelletier.fr\/blog\/index.php\/wp-json\/wp\/v2\/users\/1"}],"replies":[{"embeddable":true,"href":"https:\/\/lepelletier.fr\/blog\/index.php\/wp-json\/wp\/v2\/comments?post=1036"}],"version-history":[{"count":7,"href":"https:\/\/lepelletier.fr\/blog\/index.php\/wp-json\/wp\/v2\/pages\/1036\/revisions"}],"predecessor-version":[{"id":1458,"href":"https:\/\/lepelletier.fr\/blog\/index.php\/wp-json\/wp\/v2\/pages\/1036\/revisions\/1458"}],"wp:attachment":[{"href":"https:\/\/lepelletier.fr\/blog\/index.php\/wp-json\/wp\/v2\/media?parent=1036"}],"curies":[{"name":"wp","href":"https:\/\/api.w.org\/{rel}","templated":true}]}}