{"id":1040,"date":"2019-08-27T17:36:35","date_gmt":"2019-08-27T15:36:35","guid":{"rendered":"http:\/\/lepelletier.fr\/blog\/?page_id=1040"},"modified":"2021-08-19T17:54:35","modified_gmt":"2021-08-19T15:54:35","slug":"initiatives-interessantes","status":"publish","type":"page","link":"https:\/\/lepelletier.fr\/blog\/index.php\/initiatives-interessantes\/","title":{"rendered":"Initiatives int\u00e9ressantes"},"content":{"rendered":"\r\n<p>&nbsp;<\/p>\r\n\r\n\r\n\r\n<p>Voici quelques initiatives int\u00e9ressantes concernant Madagascar<\/p>\r\n\r\n\r\n\r\n<figure class=\"wp-block-image\"><a href=\"http:\/\/www.lafermemalgache.org\/\" target=\"_blank\" rel=\"noreferrer noopener\"><img decoding=\"async\" src=\"http:\/\/www.lafermemalgache.org\/wp\/wp-content\/uploads\/2013\/09\/Logo-LFM-seul.png\" alt=\"\" \/><\/a><\/figure>\r\n\r\n\r\n\r\n<p>Une association d&rsquo;aide pour des petits paysans<\/p>\r\n\r\n\r\n\r\n<div class=\"wp-block-image\">\r\n<figure class=\"aligncenter\"><img loading=\"lazy\" decoding=\"async\" width=\"292\" height=\"334\" class=\"wp-image-1331\" src=\"http:\/\/lepelletier.fr\/blog\/wp-content\/uploads\/2019\/09\/image-31.png\" alt=\"\" srcset=\"https:\/\/lepelletier.fr\/blog\/wp-content\/uploads\/2019\/09\/image-31.png 292w, https:\/\/lepelletier.fr\/blog\/wp-content\/uploads\/2019\/09\/image-31-262x300.png 262w\" sizes=\"auto, (max-width: 292px) 100vw, 292px\" \/>\r\n<figcaption>Logo d&rsquo;<a href=\"https:\/\/www.omeobonbon.it\/\">OMEOBONBON<\/a><\/figcaption>\r\n<\/figure>\r\n<\/div>\r\n\r\n\r\n\r\n<p>Actions aupr\u00e8s des enfants des rues de Fianarantsoa<\/p>\r\n<p><span style=\"font-size: 24px;\"><strong>EPHATA<\/strong><\/span><\/p>\r\n<p><img loading=\"lazy\" decoding=\"async\" class=\"alignnone size-medium wp-image-1874\" src=\"https:\/\/lepelletier.fr\/blog\/wp-content\/uploads\/2021\/08\/ephata-mada-300x225.jpg\" alt=\"\" width=\"300\" height=\"225\" srcset=\"https:\/\/lepelletier.fr\/blog\/wp-content\/uploads\/2021\/08\/ephata-mada-300x225.jpg 300w, https:\/\/lepelletier.fr\/blog\/wp-content\/uploads\/2021\/08\/ephata-mada-1024x768.jpg 1024w, https:\/\/lepelletier.fr\/blog\/wp-content\/uploads\/2021\/08\/ephata-mada-768x576.jpg 768w, https:\/\/lepelletier.fr\/blog\/wp-content\/uploads\/2021\/08\/ephata-mada-1536x1152.jpg 1536w, https:\/\/lepelletier.fr\/blog\/wp-content\/uploads\/2021\/08\/ephata-mada.jpg 2000w\" sizes=\"auto, (max-width: 300px) 100vw, 300px\" \/> \u00a0\u00a0 Contact\u00a0\u00a0\u00a0\u00a0\u00a0 smifiana@yahoo.fr<\/p>\r\n<div id=\"ContentZone4920247\" class=\"Content_Zone\">\r\n<div id=\"ct_30859307\" class=\"Block Type_Title\">\r\n<div class=\"Block_Wrapper\">\r\n<div class=\"wsCtTitle\">\r\n<div>Centre pour enfants et jeunes d\u00e9ficients visuels \u00e0 Madagascar\u00a0<\/div>\r\n<\/div>\r\n<\/div>\r\n<\/div>\r\n<div id=\"ct_30962888\" class=\"Block Type_Text\">\r\n<div class=\"Block_Wrapper\">\r\n<div class=\"wsCtText\">\r\n<p><em>\u00a0\u00bb On ne voit bien qu&rsquo;avec le coeur, l&rsquo;essentiel est invisible pour les yeux\u00a0\u00bb St Exup\u00e9ry\u00a0<\/em><\/p>\r\n<p><a href=\"https:\/\/lepelletier.fr\/blog\/wp-content\/uploads\/2021\/08\/Ephata-Circulaire-juillet-2021-1.pdf\">t\u00e9l\u00e9chargement de la derni\u00e8re circulaire d&rsquo;information (en pdf)<\/a><\/p>\r\n<\/div>\r\n<\/div>\r\n<\/div>\r\n<\/div>\r\n","protected":false},"excerpt":{"rendered":"<p>&nbsp; Voici quelques initiatives int\u00e9ressantes concernant Madagascar Une association d&rsquo;aide pour des petits paysans Actions aupr\u00e8s des enfants des rues de Fianarantsoa EPHATA \u00a0\u00a0 Contact\u00a0\u00a0\u00a0\u00a0\u00a0 smifiana@yahoo.fr Centre pour enfants et jeunes d\u00e9ficients visuels \u00e0 Madagascar\u00a0 \u00a0\u00bb On ne voit bien&hellip; <\/p>\n","protected":false},"author":1,"featured_media":0,"parent":0,"menu_order":0,"comment_status":"closed","ping_status":"closed","template":"","meta":{"footnotes":""},"class_list":["post-1040","page","type-page","status-publish","hentry"],"_links":{"self":[{"href":"https:\/\/lepelletier.fr\/blog\/index.php\/wp-json\/wp\/v2\/pages\/1040","targetHints":{"allow":["GET"]}}],"collection":[{"href":"https:\/\/lepelletier.fr\/blog\/index.php\/wp-json\/wp\/v2\/pages"}],"about":[{"href":"https:\/\/lepelletier.fr\/blog\/index.php\/wp-json\/wp\/v2\/types\/page"}],"author":[{"embeddable":true,"href":"https:\/\/lepelletier.fr\/blog\/index.php\/wp-json\/wp\/v2\/users\/1"}],"replies":[{"embeddable":true,"href":"https:\/\/lepelletier.fr\/blog\/index.php\/wp-json\/wp\/v2\/comments?post=1040"}],"version-history":[{"count":12,"href":"https:\/\/lepelletier.fr\/blog\/index.php\/wp-json\/wp\/v2\/pages\/1040\/revisions"}],"predecessor-version":[{"id":1879,"href":"https:\/\/lepelletier.fr\/blog\/index.php\/wp-json\/wp\/v2\/pages\/1040\/revisions\/1879"}],"wp:attachment":[{"href":"https:\/\/lepelletier.fr\/blog\/index.php\/wp-json\/wp\/v2\/media?parent=1040"}],"curies":[{"name":"wp","href":"https:\/\/api.w.org\/{rel}","templated":true}]}}