{"id":1042,"date":"2019-08-27T17:36:54","date_gmt":"2019-08-27T15:36:54","guid":{"rendered":"http:\/\/lepelletier.fr\/blog\/?page_id=1042"},"modified":"2020-01-17T09:42:43","modified_gmt":"2020-01-17T08:42:43","slug":"nos-missions","status":"publish","type":"page","link":"https:\/\/lepelletier.fr\/blog\/index.php\/nos-missions\/","title":{"rendered":"Nos Missions depuis 2010"},"content":{"rendered":"\r\n<p><strong>2016<\/strong><br \/><br \/><a href=\"http:\/\/lepelletier.fr\/blog\/index.php\/2019\/09\/05\/2016-cest-reparti-pour-une-nouvelle-mission\/\">C&rsquo;est reparti pour une nouvelle mission<\/a><br \/><br \/><a href=\"http:\/\/lepelletier.fr\/blog\/index.php\/2019\/09\/05\/au-travail-cette-annee-2016\/\">Au travail cette ann\u00e9e 2016<\/a><br \/><br \/><a href=\"http:\/\/lepelletier.fr\/blog\/index.php\/2019\/09\/05\/notre-travail-a-luniversite-de-fianarantsoa-au-cufp-en-2016\/\">Notre travail \u00e0 l&rsquo;universit\u00e9 de Fianarantsoa au cufp en 2016<\/a><br \/><br \/><strong>2015<\/strong><br \/><br \/>L&rsquo;\u00e9cole ste Th\u00e9r\u00e8se de l&rsquo;Arbresle (69) aide Madagascar<br \/><br \/><a href=\"http:\/\/lepelletier.fr\/blog\/index.php\/2019\/09\/05\/2015-nous-sommes-intervenus-a-lecole-les-chartreux-ste-famille-a-st-etienne\/\">Nous sommes intervenus a l&rsquo;\u00e9cole les chartreux ste famille \u00e0 St Etienne<\/a><br \/><br \/><a href=\"http:\/\/lepelletier.fr\/blog\/index.php\/2019\/09\/05\/2015-nous-revenons-pour-la-4eme-fois-a-fianarantsoa\/\">Nous revenons pour la 4eme fois a Fianarantsoa<\/a><br \/><br \/><a href=\"http:\/\/lepelletier.fr\/blog\/index.php\/2019\/09\/05\/2015-nos-premiers-jours-de-vie-a-fianarantsoa\/\">Nos premiers jours de vie a Fianarantsoa<\/a><\/p>\r\n\r\n\r\n\r\n<p><strong>2014<\/strong><br \/><br \/><a href=\"http:\/\/lepelletier.fr\/blog\/index.php\/2019\/08\/29\/2014-nos-activites-concernant-madagascar-depuis-juillet-2013\/\">Nos activit\u00e9s concernant Madagascar depuis juillet 2013<\/a><br \/><br \/><a href=\"http:\/\/lepelletier.fr\/blog\/index.php\/2019\/08\/29\/2014-cest-reparti-depuis-debut-avril-nous-sommes-a-fianar-pour-nos-missions\/\">C&rsquo;est reparti depuis d\u00e9but avril nous sommes a fianar<\/a><br \/><br \/><a href=\"http:\/\/lepelletier.fr\/blog\/index.php\/2019\/09\/05\/24-mai-2014-inauguration-du-centre-de-depistage-du-cancer-akbaraly\/\">24 mai inauguration du centre de d\u00e9pistage du cancer akbaraly<\/a><br \/><br \/><a href=\"http:\/\/lepelletier.fr\/blog\/index.php\/2019\/09\/05\/2014-ecole-rainibao-de-fosarato-a-fianar\/\">Ecole rainibao de fosarato a fianar<\/a><br \/><br \/><strong>2013<\/strong><br \/><br \/><a href=\"http:\/\/lepelletier.fr\/blog\/index.php\/2019\/08\/29\/2012-nous-presentons-madagascar-et-nos-actions\/\">Nous pr\u00e9sentons Madagascar et nos actions<\/a><br \/><br \/><strong>2012<\/strong><br \/><br \/><a href=\"http:\/\/lepelletier.fr\/blog\/index.php\/2019\/08\/29\/2012-les-missions-de-jacques-depuis-4-semaines\/\">Les missions de jacques depuis 4 semaines<\/a><br \/><br \/><strong>2011<\/strong><br \/><br \/><a href=\"http:\/\/lepelletier.fr\/blog\/index.php\/2019\/08\/28\/jeudi-13-janvier-2011-une-seance-pas-comme-les-autres-a-latelier-couture\/\">Jeudi 13 janvier une s\u00e9ance pas comme les autres a l&rsquo;atelier couture<\/a><br \/><br \/><a href=\"http:\/\/lepelletier.fr\/blog\/index.php\/2019\/08\/29\/2011-une-nouvelle-experience-claudie-en-prison\/\">Une nouvelle exp\u00e9rience Claudie en prison<\/a><br \/><br \/><a href=\"http:\/\/lepelletier.fr\/blog\/index.php\/2019\/08\/29\/2011-quelques-commentaires-sur-mes-activites-en-mathematique\/\">Quelques commentaires sur les activit\u00e9s de Claudie en math\u00e9matique<\/a><br \/><br \/><a href=\"http:\/\/lepelletier.fr\/blog\/index.php\/2019\/08\/29\/2011-quelques-commentaires-sur-mes-activites-en-couture\/\">Quelques commentaires sur les activit\u00e9s de Claudie en couture<\/a><br \/><br \/><a href=\"http:\/\/lepelletier.fr\/blog\/index.php\/2019\/08\/29\/2011-quelques-reflexions-de-jacques\/\">Quelques r\u00e9flexions de jacques<\/a><br \/><br \/><a href=\"http:\/\/lepelletier.fr\/blog\/index.php\/2019\/08\/29\/2011-des-moments-damitie-des-moments-de-coleres\/\">Des moments d amiti\u00e9 et des moments de col\u00e8res<\/a><br \/><br \/><strong>2010<\/strong><br \/><br \/><a href=\"http:\/\/lepelletier.fr\/blog\/index.php\/2019\/08\/28\/les-activites-de-jacques-en-2010\/\">Nos activites<\/a><br \/><br \/><a href=\"http:\/\/lepelletier.fr\/blog\/index.php\/2019\/08\/28\/2010-un-projet-informatique-tres-interessant\/\">Un projet informatique tr\u00e8s int\u00e9ressant<\/a><br \/><br \/><a href=\"http:\/\/lepelletier.fr\/blog\/index.php\/2019\/08\/28\/2010-mais-que-fait-claudie-pendant-ses-journees\/\">Mais que fait Claudie pendant ses journ\u00e9es<\/a><\/p>\r\n","protected":false},"excerpt":{"rendered":"<p>2016 C&rsquo;est reparti pour une nouvelle mission Au travail cette ann\u00e9e 2016 Notre travail \u00e0 l&rsquo;universit\u00e9 de Fianarantsoa au cufp en 2016 2015 L&rsquo;\u00e9cole ste Th\u00e9r\u00e8se de l&rsquo;Arbresle (69) aide Madagascar Nous sommes intervenus a l&rsquo;\u00e9cole les chartreux ste famille&hellip; <\/p>\n","protected":false},"author":1,"featured_media":0,"parent":0,"menu_order":0,"comment_status":"closed","ping_status":"closed","template":"","meta":{"footnotes":""},"class_list":["post-1042","page","type-page","status-publish","hentry"],"_links":{"self":[{"href":"https:\/\/lepelletier.fr\/blog\/index.php\/wp-json\/wp\/v2\/pages\/1042","targetHints":{"allow":["GET"]}}],"collection":[{"href":"https:\/\/lepelletier.fr\/blog\/index.php\/wp-json\/wp\/v2\/pages"}],"about":[{"href":"https:\/\/lepelletier.fr\/blog\/index.php\/wp-json\/wp\/v2\/types\/page"}],"author":[{"embeddable":true,"href":"https:\/\/lepelletier.fr\/blog\/index.php\/wp-json\/wp\/v2\/users\/1"}],"replies":[{"embeddable":true,"href":"https:\/\/lepelletier.fr\/blog\/index.php\/wp-json\/wp\/v2\/comments?post=1042"}],"version-history":[{"count":7,"href":"https:\/\/lepelletier.fr\/blog\/index.php\/wp-json\/wp\/v2\/pages\/1042\/revisions"}],"predecessor-version":[{"id":1397,"href":"https:\/\/lepelletier.fr\/blog\/index.php\/wp-json\/wp\/v2\/pages\/1042\/revisions\/1397"}],"wp:attachment":[{"href":"https:\/\/lepelletier.fr\/blog\/index.php\/wp-json\/wp\/v2\/media?parent=1042"}],"curies":[{"name":"wp","href":"https:\/\/api.w.org\/{rel}","templated":true}]}}